{"id":11038,"date":"2022-04-30T04:17:39","date_gmt":"2022-04-30T01:17:39","guid":{"rendered":"https:\/\/kefaloniataxi.gr\/?page_id=11038"},"modified":"2023-03-27T17:13:27","modified_gmt":"2023-03-27T14:13:27","slug":"cancellation-policy","status":"publish","type":"page","link":"https:\/\/kefaloniataxi.gr\/it\/cancellation-policy\/","title":{"rendered":"Politica di cancellazione"},"content":{"rendered":"<div data-elementor-type=\"wp-page\" data-elementor-id=\"11038\" class=\"elementor elementor-11038\" data-elementor-post-type=\"page\">\n\t\t\t\t\t\t<section class=\"elementor-section elementor-top-section elementor-element elementor-element-d62f4de elementor-section-boxed elementor-section-height-default elementor-section-height-default\" data-id=\"d62f4de\" data-element_type=\"section\" data-e-type=\"section\" data-settings=\"{&quot;background_background&quot;:&quot;classic&quot;}\">\n\t\t\t\t\t\t\t<div class=\"elementor-background-overlay\"><\/div>\n\t\t\t\t\t\t\t<div class=\"elementor-container elementor-column-gap-default\">\n\t\t\t\t\t<div class=\"elementor-column elementor-col-100 elementor-top-column elementor-element elementor-element-ed952c8\" data-id=\"ed952c8\" data-element_type=\"column\" data-e-type=\"column\">\n\t\t\t<div class=\"elementor-widget-wrap elementor-element-populated\">\n\t\t\t\t\t\t<div class=\"elementor-element elementor-element-753b509 elementor-align-center elementor-widget elementor-widget-breadcrumbs\" data-id=\"753b509\" data-element_type=\"widget\" data-e-type=\"widget\" data-widget_type=\"breadcrumbs.default\">\n\t\t\t\t<div class=\"elementor-widget-container\">\n\t\t\t\t\t<p id=\"breadcrumbs\"><span><span><a href=\"https:\/\/kefaloniataxi.gr\/it\/\">CefaloniaTaxi<\/a><\/span><\/span><\/p>\t\t\t\t<\/div>\n\t\t\t\t<\/div>\n\t\t\t\t<div class=\"elementor-element elementor-element-9c0e0ba elementor-widget__width-initial elementor-absolute elementor-widget elementor-widget-button\" data-id=\"9c0e0ba\" data-element_type=\"widget\" data-e-type=\"widget\" data-settings=\"{&quot;_position&quot;:&quot;absolute&quot;}\" data-widget_type=\"button.default\">\n\t\t\t\t<div class=\"elementor-widget-container\">\n\t\t\t\t\t\t\t\t\t<div class=\"elementor-button-wrapper\">\n\t\t\t\t\t<a class=\"elementor-button elementor-button-link elementor-size-sm\" href=\"\/it\/\">\n\t\t\t\t\t\t<span class=\"elementor-button-content-wrapper\">\n\t\t\t\t\t\t<span class=\"elementor-button-icon\">\n\t\t\t\t<svg aria-hidden=\"true\" class=\"e-font-icon-svg e-fas-long-arrow-alt-left\" viewbox=\"0 0 448 512\" xmlns=\"http:\/\/www.w3.org\/2000\/svg\"><path d=\"M134.059 296H436c6.627 0 12-5.373 12-12v-56c0-6.627-5.373-12-12-12H134.059v-46.059c0-21.382-25.851-32.09-40.971-16.971L7.029 239.029c-9.373 9.373-9.373 24.569 0 33.941l86.059 86.059c15.119 15.119 40.971 4.411 40.971-16.971V296z\"><\/path><\/svg>\t\t\t<\/span>\n\t\t\t\t\t\t\t\t\t<span class=\"elementor-button-text\">Torna a casa<\/span>\n\t\t\t\t\t<\/span>\n\t\t\t\t\t<\/a>\n\t\t\t\t<\/div>\n\t\t\t\t\t\t\t\t<\/div>\n\t\t\t\t<\/div>\n\t\t\t\t\t<\/div>\n\t\t<\/div>\n\t\t\t\t\t<\/div>\n\t\t<\/section>\n\t\t<div class=\"elementor-element elementor-element-32b416c e-flex e-con-boxed e-con e-parent\" data-id=\"32b416c\" data-element_type=\"container\" data-e-type=\"container\">\n\t\t\t\t\t<div class=\"e-con-inner\">\n\t\t\t\t<div class=\"elementor-element elementor-element-e300c08 elementor-widget elementor-widget-text-editor\" data-id=\"e300c08\" data-element_type=\"widget\" data-e-type=\"widget\" data-widget_type=\"text-editor.default\">\n\t\t\t\t<div class=\"elementor-widget-container\">\n\t\t\t\t\t\t\t\t\t<p style=\"font-weight: 400;\">Cancellazione gratuita (100%) 48 ore prima della partenza.<\/p><p style=\"font-weight: 400;\">In caso di cancellazione a meno di 48 ore dalla partenza verr\u00e0 addebitato il costo di 100%, senza possibilit\u00e0 di rimborso.<\/p><p style=\"font-weight: 400;\">In caso di modifica o cancellazione della prenotazione \u00e8 necessario inviare un'e-mail a:\u00a0<a href=\"mailto:office@kefaloniataxi.gr\">office@kefaloniataxi.gr<\/a><\/p>\t\t\t\t\t\t\t\t<\/div>\n\t\t\t\t<\/div>\n\t\t\t\t\t<\/div>\n\t\t\t\t<\/div>\n\t\t\t\t<\/div>","protected":false},"excerpt":{"rendered":"<p>Torna a casa Cancellazione gratuita (100%) 48 ore prima della partenza. In caso di cancellazione a meno di 48 ore dalla partenza verr\u00e0 addebitato il costo di 100%, senza possibilit\u00e0 di rimborso. In caso di modifica o cancellazione della prenotazione \u00e8 obbligatorio inviare un'e-mail a: office@kefaloniataxi.gr<\/p>","protected":false},"author":2,"featured_media":11426,"parent":0,"menu_order":0,"comment_status":"closed","ping_status":"closed","template":"elementor_header_footer","meta":{"_acf_changed":false,"footnotes":""},"class_list":["post-11038","page","type-page","status-publish","has-post-thumbnail","hentry"],"acf":[],"yoast_head":"<!-- This site is optimized with the Yoast SEO plugin v26.8 - https:\/\/yoast.com\/product\/yoast-seo-wordpress\/ -->\n<title>Cancellation Policy - Kefaloniataxi.gr - Taxi Services and Private Tours in Kefalonia - Online Booking<\/title>\n<meta name=\"robots\" content=\"noindex, nofollow\" \/>\n<meta property=\"og:locale\" content=\"it_IT\" \/>\n<meta property=\"og:type\" content=\"article\" \/>\n<meta property=\"og:title\" content=\"Cancellation Policy - Kefaloniataxi.gr - Taxi Services and Private Tours in Kefalonia - Online Booking\" \/>\n<meta property=\"og:description\" content=\"Back to Home Free cancellation (100%) 48hours before your departure. In case of cancellation within less than 48hours before departure 100% will be charged, no refund is possible. In case of changing or cancelling your booking you are obliged to send an e-mail to:\u00a0office@kefaloniataxi.gr\" \/>\n<meta property=\"og:url\" content=\"https:\/\/kefaloniataxi.gr\/it\/cancellation-policy\/\" \/>\n<meta property=\"og:site_name\" content=\"Kefaloniataxi.gr - Taxi Services and Private Tours in Kefalonia - Online Booking\" \/>\n<meta property=\"article:modified_time\" content=\"2023-03-27T14:13:27+00:00\" \/>\n<meta property=\"og:image\" content=\"https:\/\/kefaloniataxi.gr\/wp-content\/uploads\/2022\/05\/taxi-driver-on-the-backseat-with-clients-successf-2021-12-09-11-50-29-utc.jpg\" \/>\n\t<meta property=\"og:image:width\" content=\"2000\" \/>\n\t<meta property=\"og:image:height\" content=\"1334\" \/>\n\t<meta property=\"og:image:type\" content=\"image\/jpeg\" \/>\n<meta name=\"twitter:card\" content=\"summary_large_image\" \/>\n<meta name=\"twitter:label1\" content=\"Tempo di lettura stimato\" \/>\n\t<meta name=\"twitter:data1\" content=\"1 minuto\" \/>\n<script type=\"application\/ld+json\" class=\"yoast-schema-graph\">{\"@context\":\"https:\/\/schema.org\",\"@graph\":[{\"@type\":\"WebPage\",\"@id\":\"https:\/\/kefaloniataxi.gr\/cancellation-policy\/\",\"url\":\"https:\/\/kefaloniataxi.gr\/cancellation-policy\/\",\"name\":\"Cancellation Policy - Kefaloniataxi.gr - Taxi Services and Private Tours in Kefalonia - Online Booking\",\"isPartOf\":{\"@id\":\"https:\/\/kefaloniataxi.gr\/#website\"},\"primaryImageOfPage\":{\"@id\":\"https:\/\/kefaloniataxi.gr\/cancellation-policy\/#primaryimage\"},\"image\":{\"@id\":\"https:\/\/kefaloniataxi.gr\/cancellation-policy\/#primaryimage\"},\"thumbnailUrl\":\"https:\/\/kefaloniataxi.gr\/wp-content\/uploads\/2022\/05\/taxi-driver-on-the-backseat-with-clients-successf-2021-12-09-11-50-29-utc.jpg\",\"datePublished\":\"2022-04-30T01:17:39+00:00\",\"dateModified\":\"2023-03-27T14:13:27+00:00\",\"breadcrumb\":{\"@id\":\"https:\/\/kefaloniataxi.gr\/cancellation-policy\/#breadcrumb\"},\"inLanguage\":\"it-IT\",\"potentialAction\":[{\"@type\":\"ReadAction\",\"target\":[\"https:\/\/kefaloniataxi.gr\/cancellation-policy\/\"]}]},{\"@type\":\"ImageObject\",\"inLanguage\":\"it-IT\",\"@id\":\"https:\/\/kefaloniataxi.gr\/cancellation-policy\/#primaryimage\",\"url\":\"https:\/\/kefaloniataxi.gr\/wp-content\/uploads\/2022\/05\/taxi-driver-on-the-backseat-with-clients-successf-2021-12-09-11-50-29-utc.jpg\",\"contentUrl\":\"https:\/\/kefaloniataxi.gr\/wp-content\/uploads\/2022\/05\/taxi-driver-on-the-backseat-with-clients-successf-2021-12-09-11-50-29-utc.jpg\",\"width\":2000,\"height\":1334,\"caption\":\"taxi driver on the backseat with clients successf 2021 12 09 11 50 29 utc\"},{\"@type\":\"BreadcrumbList\",\"@id\":\"https:\/\/kefaloniataxi.gr\/cancellation-policy\/#breadcrumb\",\"itemListElement\":[{\"@type\":\"ListItem\",\"position\":1,\"name\":\"KefaloniaTaxi\",\"item\":\"https:\/\/kefaloniataxi.gr\/\"},{\"@type\":\"ListItem\",\"position\":2,\"name\":\"Cancellation Policy\"}]},{\"@type\":\"WebSite\",\"@id\":\"https:\/\/kefaloniataxi.gr\/#website\",\"url\":\"https:\/\/kefaloniataxi.gr\/\",\"name\":\"Kefaloniataxi.gr - Taxi Services and Private Tours in Kefalonia - Online Booking\",\"description\":\"Taxi Services and Private Tours in Kefalonia - Online Booking\",\"publisher\":{\"@id\":\"https:\/\/kefaloniataxi.gr\/#organization\"},\"potentialAction\":[{\"@type\":\"SearchAction\",\"target\":{\"@type\":\"EntryPoint\",\"urlTemplate\":\"https:\/\/kefaloniataxi.gr\/?s={search_term_string}\"},\"query-input\":{\"@type\":\"PropertyValueSpecification\",\"valueRequired\":true,\"valueName\":\"search_term_string\"}}],\"inLanguage\":\"it-IT\"},{\"@type\":\"Organization\",\"@id\":\"https:\/\/kefaloniataxi.gr\/#organization\",\"name\":\"Kefeloniataxi.gr\",\"url\":\"https:\/\/kefaloniataxi.gr\/\",\"logo\":{\"@type\":\"ImageObject\",\"inLanguage\":\"it-IT\",\"@id\":\"https:\/\/kefaloniataxi.gr\/#\/schema\/logo\/image\/\",\"url\":\"https:\/\/kefaloniataxi.gr\/wp-content\/uploads\/2022\/04\/default-kit.jpeg\",\"contentUrl\":\"https:\/\/kefaloniataxi.gr\/wp-content\/uploads\/2022\/04\/default-kit.jpeg\",\"width\":537,\"height\":224,\"caption\":\"Kefeloniataxi.gr\"},\"image\":{\"@id\":\"https:\/\/kefaloniataxi.gr\/#\/schema\/logo\/image\/\"}}]}<\/script>\n<!-- \/ Yoast SEO plugin. -->","yoast_head_json":{"title":"Politica di cancellazione - Kefaloniataxi.gr - Servizi di taxi e tour privati a Cefalonia - Prenotazione online","robots":{"index":"noindex","follow":"nofollow"},"og_locale":"it_IT","og_type":"article","og_title":"Cancellation Policy - Kefaloniataxi.gr - Taxi Services and Private Tours in Kefalonia - Online Booking","og_description":"Back to Home Free cancellation (100%) 48hours before your departure. In case of cancellation within less than 48hours before departure 100% will be charged, no refund is possible. In case of changing or cancelling your booking you are obliged to send an e-mail to:\u00a0office@kefaloniataxi.gr","og_url":"https:\/\/kefaloniataxi.gr\/it\/cancellation-policy\/","og_site_name":"Kefaloniataxi.gr - Taxi Services and Private Tours in Kefalonia - Online Booking","article_modified_time":"2023-03-27T14:13:27+00:00","og_image":[{"width":2000,"height":1334,"url":"https:\/\/kefaloniataxi.gr\/wp-content\/uploads\/2022\/05\/taxi-driver-on-the-backseat-with-clients-successf-2021-12-09-11-50-29-utc.jpg","type":"image\/jpeg"}],"twitter_card":"summary_large_image","twitter_misc":{"Tempo di lettura stimato":"1 minuto"},"schema":{"@context":"https:\/\/schema.org","@graph":[{"@type":"WebPage","@id":"https:\/\/kefaloniataxi.gr\/cancellation-policy\/","url":"https:\/\/kefaloniataxi.gr\/cancellation-policy\/","name":"Politica di cancellazione - Kefaloniataxi.gr - Servizi di taxi e tour privati a Cefalonia - Prenotazione online","isPartOf":{"@id":"https:\/\/kefaloniataxi.gr\/#website"},"primaryImageOfPage":{"@id":"https:\/\/kefaloniataxi.gr\/cancellation-policy\/#primaryimage"},"image":{"@id":"https:\/\/kefaloniataxi.gr\/cancellation-policy\/#primaryimage"},"thumbnailUrl":"https:\/\/kefaloniataxi.gr\/wp-content\/uploads\/2022\/05\/taxi-driver-on-the-backseat-with-clients-successf-2021-12-09-11-50-29-utc.jpg","datePublished":"2022-04-30T01:17:39+00:00","dateModified":"2023-03-27T14:13:27+00:00","breadcrumb":{"@id":"https:\/\/kefaloniataxi.gr\/cancellation-policy\/#breadcrumb"},"inLanguage":"it-IT","potentialAction":[{"@type":"ReadAction","target":["https:\/\/kefaloniataxi.gr\/cancellation-policy\/"]}]},{"@type":"ImageObject","inLanguage":"it-IT","@id":"https:\/\/kefaloniataxi.gr\/cancellation-policy\/#primaryimage","url":"https:\/\/kefaloniataxi.gr\/wp-content\/uploads\/2022\/05\/taxi-driver-on-the-backseat-with-clients-successf-2021-12-09-11-50-29-utc.jpg","contentUrl":"https:\/\/kefaloniataxi.gr\/wp-content\/uploads\/2022\/05\/taxi-driver-on-the-backseat-with-clients-successf-2021-12-09-11-50-29-utc.jpg","width":2000,"height":1334,"caption":"taxi driver on the backseat with clients successf 2021 12 09 11 50 29 utc"},{"@type":"BreadcrumbList","@id":"https:\/\/kefaloniataxi.gr\/cancellation-policy\/#breadcrumb","itemListElement":[{"@type":"ListItem","position":1,"name":"KefaloniaTaxi","item":"https:\/\/kefaloniataxi.gr\/"},{"@type":"ListItem","position":2,"name":"Cancellation Policy"}]},{"@type":"WebSite","@id":"https:\/\/kefaloniataxi.gr\/#website","url":"https:\/\/kefaloniataxi.gr\/","name":"Kefaloniataxi.gr - Servizi di taxi e tour privati a Cefalonia - Prenotazione online","description":"Servizi di taxi e tour privati a Cefalonia - Prenotazione online","publisher":{"@id":"https:\/\/kefaloniataxi.gr\/#organization"},"potentialAction":[{"@type":"SearchAction","target":{"@type":"EntryPoint","urlTemplate":"https:\/\/kefaloniataxi.gr\/?s={search_term_string}"},"query-input":{"@type":"PropertyValueSpecification","valueRequired":true,"valueName":"search_term_string"}}],"inLanguage":"it-IT"},{"@type":"Organization","@id":"https:\/\/kefaloniataxi.gr\/#organization","name":"Kefeloniataxi.gr","url":"https:\/\/kefaloniataxi.gr\/","logo":{"@type":"ImageObject","inLanguage":"it-IT","@id":"https:\/\/kefaloniataxi.gr\/#\/schema\/logo\/image\/","url":"https:\/\/kefaloniataxi.gr\/wp-content\/uploads\/2022\/04\/default-kit.jpeg","contentUrl":"https:\/\/kefaloniataxi.gr\/wp-content\/uploads\/2022\/04\/default-kit.jpeg","width":537,"height":224,"caption":"Kefeloniataxi.gr"},"image":{"@id":"https:\/\/kefaloniataxi.gr\/#\/schema\/logo\/image\/"}}]}},"_links":{"self":[{"href":"https:\/\/kefaloniataxi.gr\/it\/wp-json\/wp\/v2\/pages\/11038","targetHints":{"allow":["GET"]}}],"collection":[{"href":"https:\/\/kefaloniataxi.gr\/it\/wp-json\/wp\/v2\/pages"}],"about":[{"href":"https:\/\/kefaloniataxi.gr\/it\/wp-json\/wp\/v2\/types\/page"}],"author":[{"embeddable":true,"href":"https:\/\/kefaloniataxi.gr\/it\/wp-json\/wp\/v2\/users\/2"}],"replies":[{"embeddable":true,"href":"https:\/\/kefaloniataxi.gr\/it\/wp-json\/wp\/v2\/comments?post=11038"}],"version-history":[{"count":10,"href":"https:\/\/kefaloniataxi.gr\/it\/wp-json\/wp\/v2\/pages\/11038\/revisions"}],"predecessor-version":[{"id":12964,"href":"https:\/\/kefaloniataxi.gr\/it\/wp-json\/wp\/v2\/pages\/11038\/revisions\/12964"}],"wp:featuredmedia":[{"embeddable":true,"href":"https:\/\/kefaloniataxi.gr\/it\/wp-json\/wp\/v2\/media\/11426"}],"wp:attachment":[{"href":"https:\/\/kefaloniataxi.gr\/it\/wp-json\/wp\/v2\/media?parent=11038"}],"curies":[{"name":"wp","href":"https:\/\/api.w.org\/{rel}","templated":true}]}}