{"id":30,"date":"2022-04-17T00:50:11","date_gmt":"2022-04-16T21:50:11","guid":{"rendered":"https:\/\/kefaloniataxi.gr\/ypiresies\/"},"modified":"2022-08-04T00:55:17","modified_gmt":"2022-08-03T21:55:17","slug":"services","status":"publish","type":"page","link":"https:\/\/kefaloniataxi.gr\/it\/services\/","title":{"rendered":"Servizi"},"content":{"rendered":"<div data-elementor-type=\"wp-page\" data-elementor-id=\"30\" class=\"elementor elementor-30\" data-elementor-post-type=\"page\">\n\t\t\t\t\t\t<section class=\"elementor-section elementor-top-section elementor-element elementor-element-7d44d534 elementor-section-boxed elementor-section-height-default elementor-section-height-default\" data-id=\"7d44d534\" data-element_type=\"section\" data-e-type=\"section\" data-settings=\"{&quot;background_background&quot;:&quot;classic&quot;}\">\n\t\t\t\t\t\t<div class=\"elementor-container elementor-column-gap-default\">\n\t\t\t\t\t<div class=\"elementor-column elementor-col-100 elementor-top-column elementor-element elementor-element-26044287\" data-id=\"26044287\" data-element_type=\"column\" data-e-type=\"column\">\n\t\t\t<div class=\"elementor-widget-wrap elementor-element-populated\">\n\t\t\t\t\t\t<div class=\"elementor-element elementor-element-3e449c84 elementor-align-center elementor-widget elementor-widget-breadcrumbs\" data-id=\"3e449c84\" data-element_type=\"widget\" data-e-type=\"widget\" data-widget_type=\"breadcrumbs.default\">\n\t\t\t\t<div class=\"elementor-widget-container\">\n\t\t\t\t\t<p id=\"breadcrumbs\"><span><span><a href=\"https:\/\/kefaloniataxi.gr\/it\/\">CefaloniaTaxi<\/a><\/span><\/span><\/p>\t\t\t\t<\/div>\n\t\t\t\t<\/div>\n\t\t\t\t<div class=\"elementor-element elementor-element-3003a043 elementor-widget__width-initial elementor-absolute elementor-widget elementor-widget-button\" data-id=\"3003a043\" data-element_type=\"widget\" data-e-type=\"widget\" data-settings=\"{&quot;_position&quot;:&quot;absolute&quot;}\" data-widget_type=\"button.default\">\n\t\t\t\t<div class=\"elementor-widget-container\">\n\t\t\t\t\t\t\t\t\t<div class=\"elementor-button-wrapper\">\n\t\t\t\t\t<a class=\"elementor-button elementor-button-link elementor-size-sm\" href=\"\/it\/\">\n\t\t\t\t\t\t<span class=\"elementor-button-content-wrapper\">\n\t\t\t\t\t\t<span class=\"elementor-button-icon\">\n\t\t\t\t<svg aria-hidden=\"true\" class=\"e-font-icon-svg e-fas-long-arrow-alt-left\" viewbox=\"0 0 448 512\" xmlns=\"http:\/\/www.w3.org\/2000\/svg\"><path d=\"M134.059 296H436c6.627 0 12-5.373 12-12v-56c0-6.627-5.373-12-12-12H134.059v-46.059c0-21.382-25.851-32.09-40.971-16.971L7.029 239.029c-9.373 9.373-9.373 24.569 0 33.941l86.059 86.059c15.119 15.119 40.971 4.411 40.971-16.971V296z\"><\/path><\/svg>\t\t\t<\/span>\n\t\t\t\t\t\t\t\t\t<span class=\"elementor-button-text\">Torna a casa<\/span>\n\t\t\t\t\t<\/span>\n\t\t\t\t\t<\/a>\n\t\t\t\t<\/div>\n\t\t\t\t\t\t\t\t<\/div>\n\t\t\t\t<\/div>\n\t\t\t\t\t<\/div>\n\t\t<\/div>\n\t\t\t\t\t<\/div>\n\t\t<\/section>\n\t\t<div class=\"elementor-element elementor-element-f6939d8 e-flex e-con-boxed e-con e-parent\" data-id=\"f6939d8\" data-element_type=\"container\" data-e-type=\"container\">\n\t\t\t\t\t<div class=\"e-con-inner\">\n\t\t<div class=\"elementor-element elementor-element-8d31343 e-con-full e-flex e-con e-child\" data-id=\"8d31343\" data-element_type=\"container\" data-e-type=\"container\">\n\t\t\t\t<div class=\"elementor-element elementor-element-3d1c2c1 elementor-widget elementor-widget-image\" data-id=\"3d1c2c1\" data-element_type=\"widget\" data-e-type=\"widget\" data-widget_type=\"image.default\">\n\t\t\t\t<div class=\"elementor-widget-container\">\n\t\t\t\t\t\t\t\t\t\t\t\t\t\t\t<img fetchpriority=\"high\" decoding=\"async\" width=\"800\" height=\"534\" src=\"https:\/\/kefaloniataxi.gr\/wp-content\/uploads\/2022\/04\/airport-1024x683.webp\" class=\"elementor-animation-shrink attachment-large size-large wp-image-11081\" alt=\"Airport\" srcset=\"https:\/\/kefaloniataxi.gr\/wp-content\/uploads\/2022\/04\/airport-1024x683.webp 1024w, https:\/\/kefaloniataxi.gr\/wp-content\/uploads\/2022\/04\/airport-600x400.webp 600w, https:\/\/kefaloniataxi.gr\/wp-content\/uploads\/2022\/04\/airport-300x200.webp 300w, https:\/\/kefaloniataxi.gr\/wp-content\/uploads\/2022\/04\/airport-768x512.webp 768w, https:\/\/kefaloniataxi.gr\/wp-content\/uploads\/2022\/04\/airport-1536x1024.webp 1536w, https:\/\/kefaloniataxi.gr\/wp-content\/uploads\/2022\/04\/airport-18x12.webp 18w, https:\/\/kefaloniataxi.gr\/wp-content\/uploads\/2022\/04\/airport-170x113.webp 170w, https:\/\/kefaloniataxi.gr\/wp-content\/uploads\/2022\/04\/airport-110x73.webp 110w, https:\/\/kefaloniataxi.gr\/wp-content\/uploads\/2022\/04\/airport.webp 1920w\" sizes=\"(max-width: 800px) 100vw, 800px\" \/>\t\t\t\t\t\t\t\t\t\t\t\t\t\t\t<\/div>\n\t\t\t\t<\/div>\n\t\t\t\t<\/div>\n\t\t<div class=\"elementor-element elementor-element-e3e5d73 e-con-full e-flex e-con e-child\" data-id=\"e3e5d73\" data-element_type=\"container\" data-e-type=\"container\">\n\t\t\t\t<div class=\"elementor-element elementor-element-13f9f6f elementor-widget elementor-widget-heading\" data-id=\"13f9f6f\" data-element_type=\"widget\" data-e-type=\"widget\" data-widget_type=\"heading.default\">\n\t\t\t\t<div class=\"elementor-widget-container\">\n\t\t\t\t\t<h2 class=\"elementor-heading-title elementor-size-default\">Trasferimenti dall'aeroporto e dal porto:<\/h2>\t\t\t\t<\/div>\n\t\t\t\t<\/div>\n\t\t\t\t<div class=\"elementor-element elementor-element-ac53cdb elementor-widget elementor-widget-text-editor\" data-id=\"ac53cdb\" data-element_type=\"widget\" data-e-type=\"widget\" data-widget_type=\"text-editor.default\">\n\t\t\t\t<div class=\"elementor-widget-container\">\n\t\t\t\t\t\t\t\t\t<p>Noi di Kefalonia Taxi offriamo ai nostri stimati clienti il miglior servizio, garantendo un trasferimento confortevole ed efficiente.<\/p><p>La nostra flotta \u00e8 composta da un gran numero di veicoli (taxi, minibus, pullman) e siamo in grado di trasportare da singoli a grandi gruppi di persone.<\/p><p>Effettuare la prenotazione online \u00e8 semplice e in pochi passi la prenotazione sar\u00e0 confermata.<\/p><p>Il vostro autista vi incontrer\u00e0 personalmente, tenendo il cartello con il vostro nome in modo che possiate riconoscerlo, e vi assister\u00e0 con cura con i bagagli e vi trasporter\u00e0 in tutta sicurezza alla destinazione scelta.<\/p><p>Non c'\u00e8 da preoccuparsi in caso di ritardi: terremo informato il vostro autista sull'orario di arrivo effettivo.<\/p>\t\t\t\t\t\t\t\t<\/div>\n\t\t\t\t<\/div>\n\t\t\t\t<\/div>\n\t\t\t\t\t<\/div>\n\t\t\t\t<\/div>\n\t\t<div class=\"elementor-element elementor-element-0c14bc1 e-flex e-con-boxed e-con e-parent\" data-id=\"0c14bc1\" data-element_type=\"container\" data-e-type=\"container\">\n\t\t\t\t\t<div class=\"e-con-inner\">\n\t\t<div class=\"elementor-element elementor-element-5504a87 e-con-full e-flex e-con e-child\" data-id=\"5504a87\" data-element_type=\"container\" data-e-type=\"container\">\n\t\t\t\t<div class=\"elementor-element elementor-element-528a9ed elementor-widget elementor-widget-heading\" data-id=\"528a9ed\" data-element_type=\"widget\" data-e-type=\"widget\" data-widget_type=\"heading.default\">\n\t\t\t\t<div class=\"elementor-widget-container\">\n\t\t\t\t\t<h2 class=\"elementor-heading-title elementor-size-default\">Trasferimenti VIP<\/h2>\t\t\t\t<\/div>\n\t\t\t\t<\/div>\n\t\t\t\t<div class=\"elementor-element elementor-element-948ff52 elementor-widget elementor-widget-text-editor\" data-id=\"948ff52\" data-element_type=\"widget\" data-e-type=\"widget\" data-widget_type=\"text-editor.default\">\n\t\t\t\t<div class=\"elementor-widget-container\">\n\t\t\t\t\t\t\t\t\t<p>La nostra azienda fornisce veicoli di lusso dotati di tutti i pi\u00f9 moderni comfort per i trasferimenti VIP.<\/p><p>I nostri autisti sono molto esperti e vi faranno raggiungere la vostra destinazione in tutta sicurezza, comodit\u00e0 e senza stress.\u00a0<\/p><p>Per richieste particolari, contattateci e faremo il possibile per realizzarle.<\/p>\t\t\t\t\t\t\t\t<\/div>\n\t\t\t\t<\/div>\n\t\t\t\t<\/div>\n\t\t<div class=\"elementor-element elementor-element-01bc3a7 e-con-full e-flex e-con e-child\" data-id=\"01bc3a7\" data-element_type=\"container\" data-e-type=\"container\">\n\t\t\t\t<div class=\"elementor-element elementor-element-68765cc elementor-widget elementor-widget-image\" data-id=\"68765cc\" data-element_type=\"widget\" data-e-type=\"widget\" data-widget_type=\"image.default\">\n\t\t\t\t<div class=\"elementor-widget-container\">\n\t\t\t\t\t\t\t\t\t\t\t\t\t\t\t<img decoding=\"async\" width=\"800\" height=\"534\" src=\"https:\/\/kefaloniataxi.gr\/wp-content\/uploads\/2022\/05\/viptransfer-1024x683.webp\" class=\"elementor-animation-shrink attachment-large size-large wp-image-11587\" alt=\"viptransfer\" srcset=\"https:\/\/kefaloniataxi.gr\/wp-content\/uploads\/2022\/05\/viptransfer-1024x683.webp 1024w, https:\/\/kefaloniataxi.gr\/wp-content\/uploads\/2022\/05\/viptransfer-600x400.webp 600w, https:\/\/kefaloniataxi.gr\/wp-content\/uploads\/2022\/05\/viptransfer-300x200.webp 300w, https:\/\/kefaloniataxi.gr\/wp-content\/uploads\/2022\/05\/viptransfer-768x512.webp 768w, https:\/\/kefaloniataxi.gr\/wp-content\/uploads\/2022\/05\/viptransfer-18x12.webp 18w, https:\/\/kefaloniataxi.gr\/wp-content\/uploads\/2022\/05\/viptransfer-460x306.webp 460w, https:\/\/kefaloniataxi.gr\/wp-content\/uploads\/2022\/05\/viptransfer-800x533.webp 800w, https:\/\/kefaloniataxi.gr\/wp-content\/uploads\/2022\/05\/viptransfer.webp 1500w\" sizes=\"(max-width: 800px) 100vw, 800px\" \/>\t\t\t\t\t\t\t\t\t\t\t\t\t\t\t<\/div>\n\t\t\t\t<\/div>\n\t\t\t\t<\/div>\n\t\t\t\t\t<\/div>\n\t\t\t\t<\/div>\n\t\t<div class=\"elementor-element elementor-element-52d2671 e-flex e-con-boxed e-con e-parent\" data-id=\"52d2671\" data-element_type=\"container\" data-e-type=\"container\">\n\t\t\t\t\t<div class=\"e-con-inner\">\n\t\t<div class=\"elementor-element elementor-element-7425b40 e-con-full e-flex e-con e-child\" data-id=\"7425b40\" data-element_type=\"container\" data-e-type=\"container\">\n\t\t\t\t<div class=\"elementor-element elementor-element-b2f4cd3 elementor-widget elementor-widget-image\" data-id=\"b2f4cd3\" data-element_type=\"widget\" data-e-type=\"widget\" data-widget_type=\"image.default\">\n\t\t\t\t<div class=\"elementor-widget-container\">\n\t\t\t\t\t\t\t\t\t\t\t\t\t\t\t<img decoding=\"async\" width=\"800\" height=\"534\" src=\"https:\/\/kefaloniataxi.gr\/wp-content\/uploads\/2022\/05\/24-7-taxi-1024x683.webp\" class=\"elementor-animation-shrink attachment-large size-large wp-image-11588\" alt=\"24 7 taxi\" srcset=\"https:\/\/kefaloniataxi.gr\/wp-content\/uploads\/2022\/05\/24-7-taxi-1024x683.webp 1024w, https:\/\/kefaloniataxi.gr\/wp-content\/uploads\/2022\/05\/24-7-taxi-600x400.webp 600w, https:\/\/kefaloniataxi.gr\/wp-content\/uploads\/2022\/05\/24-7-taxi-300x200.webp 300w, https:\/\/kefaloniataxi.gr\/wp-content\/uploads\/2022\/05\/24-7-taxi-768x512.webp 768w, https:\/\/kefaloniataxi.gr\/wp-content\/uploads\/2022\/05\/24-7-taxi-18x12.webp 18w, https:\/\/kefaloniataxi.gr\/wp-content\/uploads\/2022\/05\/24-7-taxi-460x306.webp 460w, https:\/\/kefaloniataxi.gr\/wp-content\/uploads\/2022\/05\/24-7-taxi-800x533.webp 800w, https:\/\/kefaloniataxi.gr\/wp-content\/uploads\/2022\/05\/24-7-taxi.webp 1500w\" sizes=\"(max-width: 800px) 100vw, 800px\" \/>\t\t\t\t\t\t\t\t\t\t\t\t\t\t\t<\/div>\n\t\t\t\t<\/div>\n\t\t\t\t<\/div>\n\t\t<div class=\"elementor-element elementor-element-b4e2780 e-con-full e-flex e-con e-child\" data-id=\"b4e2780\" data-element_type=\"container\" data-e-type=\"container\">\n\t\t\t\t<div class=\"elementor-element elementor-element-2ce4439 elementor-widget elementor-widget-heading\" data-id=\"2ce4439\" data-element_type=\"widget\" data-e-type=\"widget\" data-widget_type=\"heading.default\">\n\t\t\t\t<div class=\"elementor-widget-container\">\n\t\t\t\t\t<h2 class=\"elementor-heading-title elementor-size-default\">Trasferimenti da punto a punto<\/h2>\t\t\t\t<\/div>\n\t\t\t\t<\/div>\n\t\t\t\t<div class=\"elementor-element elementor-element-5c0e418 elementor-widget elementor-widget-text-editor\" data-id=\"5c0e418\" data-element_type=\"widget\" data-e-type=\"widget\" data-widget_type=\"text-editor.default\">\n\t\t\t\t<div class=\"elementor-widget-container\">\n\t\t\t\t\t\t\t\t\t<p>Il team di Kefalonia\u03a4axi fornisce anche il trasporto a destinazione in qualsiasi punto di Cefalonia vogliate andare.\u00a0<\/p><p>Dall'hotel, alla spiaggia, alla vita notturna, ovunque vogliate essere, vi ci portiamo noi!\u00a0<\/p><p>I nostri autisti sono esperti e i nostri veicoli sono dotati di tutti i comfort moderni per raggiungere la vostra destinazione in modo sicuro e confortevole 24 ore al giorno.<\/p>\t\t\t\t\t\t\t\t<\/div>\n\t\t\t\t<\/div>\n\t\t\t\t<\/div>\n\t\t\t\t\t<\/div>\n\t\t\t\t<\/div>\n\t\t<div class=\"elementor-element elementor-element-722396c e-flex e-con-boxed e-con e-parent\" data-id=\"722396c\" data-element_type=\"container\" data-e-type=\"container\">\n\t\t\t\t\t<div class=\"e-con-inner\">\n\t\t<div class=\"elementor-element elementor-element-f6ac4f2 e-con-full e-flex e-con e-child\" data-id=\"f6ac4f2\" data-element_type=\"container\" data-e-type=\"container\">\n\t\t\t\t<div class=\"elementor-element elementor-element-ed562f7 elementor-widget elementor-widget-heading\" data-id=\"ed562f7\" data-element_type=\"widget\" data-e-type=\"widget\" data-widget_type=\"heading.default\">\n\t\t\t\t<div class=\"elementor-widget-container\">\n\t\t\t\t\t<h2 class=\"elementor-heading-title elementor-size-default\">Visite private:<\/h2>\t\t\t\t<\/div>\n\t\t\t\t<\/div>\n\t\t\t\t<div class=\"elementor-element elementor-element-9b4c290 elementor-widget elementor-widget-text-editor\" data-id=\"9b4c290\" data-element_type=\"widget\" data-e-type=\"widget\" data-widget_type=\"text-editor.default\">\n\t\t\t\t<div class=\"elementor-widget-container\">\n\t\t\t\t\t\t\t\t\t<p><i>Il team di Kefalonia\u03a4axi vi offre la possibilit\u00e0 di prenotare un'escursione a vostra scelta, in taxi o minibus, per scoprire le bellezze di Cefalonia.\u00a0<\/i><\/p><p><i>Vi porteremo a visitare tutti i luoghi di interesse dell'isola come Myrtos, il lago di Melissani, la grotta di Drogarati, Fiskardo, Assos, la cantina Orealios Gi ecc. dove avrete la possibilit\u00e0 di acquistare prodotti locali come il vino Robola, l'olio e il miele.\u00a0<\/i><\/p><p><i>Il nostro team sar\u00e0 lieto di organizzare viaggi su misura in tutte le zone di Cefalonia.<\/i><\/p><p><i>\u00a0Il vostro desiderio \u00e8 il nostro comando!<\/i><\/p>\t\t\t\t\t\t\t\t<\/div>\n\t\t\t\t<\/div>\n\t\t\t\t<\/div>\n\t\t<div class=\"elementor-element elementor-element-c541127 e-con-full e-flex e-con e-child\" data-id=\"c541127\" data-element_type=\"container\" data-e-type=\"container\">\n\t\t\t\t<div class=\"elementor-element elementor-element-a155802 elementor-widget elementor-widget-image\" data-id=\"a155802\" data-element_type=\"widget\" data-e-type=\"widget\" data-widget_type=\"image.default\">\n\t\t\t\t<div class=\"elementor-widget-container\">\n\t\t\t\t\t\t\t\t\t\t\t\t\t\t\t<img loading=\"lazy\" decoding=\"async\" width=\"800\" height=\"534\" src=\"https:\/\/kefaloniataxi.gr\/wp-content\/uploads\/2022\/05\/private-tours-1024x683.webp\" class=\"elementor-animation-shrink attachment-large size-large wp-image-11589\" alt=\"Private tours\" srcset=\"https:\/\/kefaloniataxi.gr\/wp-content\/uploads\/2022\/05\/private-tours-1024x683.webp 1024w, https:\/\/kefaloniataxi.gr\/wp-content\/uploads\/2022\/05\/private-tours-600x400.webp 600w, https:\/\/kefaloniataxi.gr\/wp-content\/uploads\/2022\/05\/private-tours-300x200.webp 300w, https:\/\/kefaloniataxi.gr\/wp-content\/uploads\/2022\/05\/private-tours-768x512.webp 768w, https:\/\/kefaloniataxi.gr\/wp-content\/uploads\/2022\/05\/private-tours-18x12.webp 18w, https:\/\/kefaloniataxi.gr\/wp-content\/uploads\/2022\/05\/private-tours-460x306.webp 460w, https:\/\/kefaloniataxi.gr\/wp-content\/uploads\/2022\/05\/private-tours-800x533.webp 800w, https:\/\/kefaloniataxi.gr\/wp-content\/uploads\/2022\/05\/private-tours.webp 1500w\" sizes=\"(max-width: 800px) 100vw, 800px\" \/>\t\t\t\t\t\t\t\t\t\t\t\t\t\t\t<\/div>\n\t\t\t\t<\/div>\n\t\t\t\t<\/div>\n\t\t\t\t\t<\/div>\n\t\t\t\t<\/div>\n\t\t\t\t<\/div>","protected":false},"excerpt":{"rendered":"<p>Back to Home Airport &#038; Seaport Transfers: At Kefalonia Taxi we offer our valued customers the very best service, ensuring a comfortable and efficient transfer. Our fleet consists of a large number of vehicles (taxis,minibuses,coaches) and we have the ability to transport individuals to large groups of people. Making your reservation online is simple and [&hellip;]<\/p>\n","protected":false},"author":2,"featured_media":0,"parent":0,"menu_order":3,"comment_status":"closed","ping_status":"closed","template":"elementor_header_footer","meta":{"_acf_changed":false,"footnotes":""},"class_list":["post-30","page","type-page","status-publish","hentry"],"acf":[],"yoast_head":"<!-- This site is optimized with the Yoast SEO plugin v26.8 - https:\/\/yoast.com\/product\/yoast-seo-wordpress\/ -->\n<title>Services - Kefaloniataxi.gr - Taxi Services and Private Tours in Kefalonia - Online Booking<\/title>\n<meta name=\"robots\" content=\"index, follow, max-snippet:-1, max-image-preview:large, max-video-preview:-1\" \/>\n<link rel=\"canonical\" href=\"https:\/\/kefaloniataxi.gr\/it\/services\/\" \/>\n<meta property=\"og:locale\" content=\"it_IT\" \/>\n<meta property=\"og:type\" content=\"article\" \/>\n<meta property=\"og:title\" content=\"Services - Kefaloniataxi.gr - Taxi Services and Private Tours in Kefalonia - Online Booking\" \/>\n<meta property=\"og:description\" content=\"Back to Home Airport &#038; Seaport Transfers: At Kefalonia Taxi we offer our valued customers the very best service, ensuring a comfortable and efficient transfer. Our fleet consists of a large number of vehicles (taxis,minibuses,coaches) and we have the ability to transport individuals to large groups of people. Making your reservation online is simple and [&hellip;]\" \/>\n<meta property=\"og:url\" content=\"https:\/\/kefaloniataxi.gr\/it\/services\/\" \/>\n<meta property=\"og:site_name\" content=\"Kefaloniataxi.gr - Taxi Services and Private Tours in Kefalonia - Online Booking\" \/>\n<meta property=\"article:modified_time\" content=\"2022-08-03T21:55:17+00:00\" \/>\n<meta property=\"og:image\" content=\"https:\/\/kefaloniataxi.gr\/wp-content\/uploads\/2022\/04\/airport-1024x683.webp\" \/>\n<meta name=\"twitter:card\" content=\"summary_large_image\" \/>\n<meta name=\"twitter:label1\" content=\"Tempo di lettura stimato\" \/>\n\t<meta name=\"twitter:data1\" content=\"3 minuti\" \/>\n<script type=\"application\/ld+json\" class=\"yoast-schema-graph\">{\"@context\":\"https:\/\/schema.org\",\"@graph\":[{\"@type\":\"WebPage\",\"@id\":\"https:\/\/kefaloniataxi.gr\/services\/\",\"url\":\"https:\/\/kefaloniataxi.gr\/services\/\",\"name\":\"Services - Kefaloniataxi.gr - Taxi Services and Private Tours in Kefalonia - Online Booking\",\"isPartOf\":{\"@id\":\"https:\/\/kefaloniataxi.gr\/#website\"},\"primaryImageOfPage\":{\"@id\":\"https:\/\/kefaloniataxi.gr\/services\/#primaryimage\"},\"image\":{\"@id\":\"https:\/\/kefaloniataxi.gr\/services\/#primaryimage\"},\"thumbnailUrl\":\"https:\/\/kefaloniataxi.gr\/wp-content\/uploads\/2022\/04\/airport-1024x683.webp\",\"datePublished\":\"2022-04-16T21:50:11+00:00\",\"dateModified\":\"2022-08-03T21:55:17+00:00\",\"breadcrumb\":{\"@id\":\"https:\/\/kefaloniataxi.gr\/services\/#breadcrumb\"},\"inLanguage\":\"it-IT\",\"potentialAction\":[{\"@type\":\"ReadAction\",\"target\":[\"https:\/\/kefaloniataxi.gr\/services\/\"]}]},{\"@type\":\"ImageObject\",\"inLanguage\":\"it-IT\",\"@id\":\"https:\/\/kefaloniataxi.gr\/services\/#primaryimage\",\"url\":\"https:\/\/kefaloniataxi.gr\/wp-content\/uploads\/2022\/04\/airport-1024x683.webp\",\"contentUrl\":\"https:\/\/kefaloniataxi.gr\/wp-content\/uploads\/2022\/04\/airport-1024x683.webp\"},{\"@type\":\"BreadcrumbList\",\"@id\":\"https:\/\/kefaloniataxi.gr\/services\/#breadcrumb\",\"itemListElement\":[{\"@type\":\"ListItem\",\"position\":1,\"name\":\"KefaloniaTaxi\",\"item\":\"https:\/\/kefaloniataxi.gr\/\"},{\"@type\":\"ListItem\",\"position\":2,\"name\":\"Services\"}]},{\"@type\":\"WebSite\",\"@id\":\"https:\/\/kefaloniataxi.gr\/#website\",\"url\":\"https:\/\/kefaloniataxi.gr\/\",\"name\":\"Kefaloniataxi.gr - Taxi Services and Private Tours in Kefalonia - Online Booking\",\"description\":\"Taxi Services and Private Tours in Kefalonia - Online Booking\",\"publisher\":{\"@id\":\"https:\/\/kefaloniataxi.gr\/#organization\"},\"potentialAction\":[{\"@type\":\"SearchAction\",\"target\":{\"@type\":\"EntryPoint\",\"urlTemplate\":\"https:\/\/kefaloniataxi.gr\/?s={search_term_string}\"},\"query-input\":{\"@type\":\"PropertyValueSpecification\",\"valueRequired\":true,\"valueName\":\"search_term_string\"}}],\"inLanguage\":\"it-IT\"},{\"@type\":\"Organization\",\"@id\":\"https:\/\/kefaloniataxi.gr\/#organization\",\"name\":\"Kefeloniataxi.gr\",\"url\":\"https:\/\/kefaloniataxi.gr\/\",\"logo\":{\"@type\":\"ImageObject\",\"inLanguage\":\"it-IT\",\"@id\":\"https:\/\/kefaloniataxi.gr\/#\/schema\/logo\/image\/\",\"url\":\"https:\/\/kefaloniataxi.gr\/wp-content\/uploads\/2022\/04\/default-kit.jpeg\",\"contentUrl\":\"https:\/\/kefaloniataxi.gr\/wp-content\/uploads\/2022\/04\/default-kit.jpeg\",\"width\":537,\"height\":224,\"caption\":\"Kefeloniataxi.gr\"},\"image\":{\"@id\":\"https:\/\/kefaloniataxi.gr\/#\/schema\/logo\/image\/\"}}]}<\/script>\n<!-- \/ Yoast SEO plugin. -->","yoast_head_json":{"title":"Servizi - Kefaloniataxi.gr - Servizi taxi e tour privati a Cefalonia - Prenotazione online","robots":{"index":"index","follow":"follow","max-snippet":"max-snippet:-1","max-image-preview":"max-image-preview:large","max-video-preview":"max-video-preview:-1"},"canonical":"https:\/\/kefaloniataxi.gr\/it\/services\/","og_locale":"it_IT","og_type":"article","og_title":"Services - Kefaloniataxi.gr - Taxi Services and Private Tours in Kefalonia - Online Booking","og_description":"Back to Home Airport &#038; Seaport Transfers: At Kefalonia Taxi we offer our valued customers the very best service, ensuring a comfortable and efficient transfer. Our fleet consists of a large number of vehicles (taxis,minibuses,coaches) and we have the ability to transport individuals to large groups of people. Making your reservation online is simple and [&hellip;]","og_url":"https:\/\/kefaloniataxi.gr\/it\/services\/","og_site_name":"Kefaloniataxi.gr - Taxi Services and Private Tours in Kefalonia - Online Booking","article_modified_time":"2022-08-03T21:55:17+00:00","og_image":[{"url":"https:\/\/kefaloniataxi.gr\/wp-content\/uploads\/2022\/04\/airport-1024x683.webp","type":"","width":"","height":""}],"twitter_card":"summary_large_image","twitter_misc":{"Tempo di lettura stimato":"3 minuti"},"schema":{"@context":"https:\/\/schema.org","@graph":[{"@type":"WebPage","@id":"https:\/\/kefaloniataxi.gr\/services\/","url":"https:\/\/kefaloniataxi.gr\/services\/","name":"Servizi - Kefaloniataxi.gr - Servizi taxi e tour privati a Cefalonia - Prenotazione online","isPartOf":{"@id":"https:\/\/kefaloniataxi.gr\/#website"},"primaryImageOfPage":{"@id":"https:\/\/kefaloniataxi.gr\/services\/#primaryimage"},"image":{"@id":"https:\/\/kefaloniataxi.gr\/services\/#primaryimage"},"thumbnailUrl":"https:\/\/kefaloniataxi.gr\/wp-content\/uploads\/2022\/04\/airport-1024x683.webp","datePublished":"2022-04-16T21:50:11+00:00","dateModified":"2022-08-03T21:55:17+00:00","breadcrumb":{"@id":"https:\/\/kefaloniataxi.gr\/services\/#breadcrumb"},"inLanguage":"it-IT","potentialAction":[{"@type":"ReadAction","target":["https:\/\/kefaloniataxi.gr\/services\/"]}]},{"@type":"ImageObject","inLanguage":"it-IT","@id":"https:\/\/kefaloniataxi.gr\/services\/#primaryimage","url":"https:\/\/kefaloniataxi.gr\/wp-content\/uploads\/2022\/04\/airport-1024x683.webp","contentUrl":"https:\/\/kefaloniataxi.gr\/wp-content\/uploads\/2022\/04\/airport-1024x683.webp"},{"@type":"BreadcrumbList","@id":"https:\/\/kefaloniataxi.gr\/services\/#breadcrumb","itemListElement":[{"@type":"ListItem","position":1,"name":"KefaloniaTaxi","item":"https:\/\/kefaloniataxi.gr\/"},{"@type":"ListItem","position":2,"name":"Services"}]},{"@type":"WebSite","@id":"https:\/\/kefaloniataxi.gr\/#website","url":"https:\/\/kefaloniataxi.gr\/","name":"Kefaloniataxi.gr - Servizi di taxi e tour privati a Cefalonia - Prenotazione online","description":"Servizi di taxi e tour privati a Cefalonia - Prenotazione online","publisher":{"@id":"https:\/\/kefaloniataxi.gr\/#organization"},"potentialAction":[{"@type":"SearchAction","target":{"@type":"EntryPoint","urlTemplate":"https:\/\/kefaloniataxi.gr\/?s={search_term_string}"},"query-input":{"@type":"PropertyValueSpecification","valueRequired":true,"valueName":"search_term_string"}}],"inLanguage":"it-IT"},{"@type":"Organization","@id":"https:\/\/kefaloniataxi.gr\/#organization","name":"Kefeloniataxi.gr","url":"https:\/\/kefaloniataxi.gr\/","logo":{"@type":"ImageObject","inLanguage":"it-IT","@id":"https:\/\/kefaloniataxi.gr\/#\/schema\/logo\/image\/","url":"https:\/\/kefaloniataxi.gr\/wp-content\/uploads\/2022\/04\/default-kit.jpeg","contentUrl":"https:\/\/kefaloniataxi.gr\/wp-content\/uploads\/2022\/04\/default-kit.jpeg","width":537,"height":224,"caption":"Kefeloniataxi.gr"},"image":{"@id":"https:\/\/kefaloniataxi.gr\/#\/schema\/logo\/image\/"}}]}},"_links":{"self":[{"href":"https:\/\/kefaloniataxi.gr\/it\/wp-json\/wp\/v2\/pages\/30","targetHints":{"allow":["GET"]}}],"collection":[{"href":"https:\/\/kefaloniataxi.gr\/it\/wp-json\/wp\/v2\/pages"}],"about":[{"href":"https:\/\/kefaloniataxi.gr\/it\/wp-json\/wp\/v2\/types\/page"}],"author":[{"embeddable":true,"href":"https:\/\/kefaloniataxi.gr\/it\/wp-json\/wp\/v2\/users\/2"}],"replies":[{"embeddable":true,"href":"https:\/\/kefaloniataxi.gr\/it\/wp-json\/wp\/v2\/comments?post=30"}],"version-history":[{"count":10,"href":"https:\/\/kefaloniataxi.gr\/it\/wp-json\/wp\/v2\/pages\/30\/revisions"}],"predecessor-version":[{"id":12687,"href":"https:\/\/kefaloniataxi.gr\/it\/wp-json\/wp\/v2\/pages\/30\/revisions\/12687"}],"wp:attachment":[{"href":"https:\/\/kefaloniataxi.gr\/it\/wp-json\/wp\/v2\/media?parent=30"}],"curies":[{"name":"wp","href":"https:\/\/api.w.org\/{rel}","templated":true}]}}